{"id":589,"date":"2024-05-15T05:04:14","date_gmt":"2024-05-15T05:04:14","guid":{"rendered":"https:\/\/tartucricket.com\/?page_id=589"},"modified":"2025-11-20T17:03:34","modified_gmt":"2025-11-20T17:03:34","slug":"history","status":"publish","type":"page","link":"https:\/\/tartucricket.com\/et\/history\/","title":{"rendered":"AJALUGU"},"content":{"rendered":"<div data-elementor-type=\"wp-page\" data-elementor-id=\"589\" class=\"elementor elementor-589\" data-elementor-post-type=\"page\">\n\t\t\t\t<div class=\"elementor-element elementor-element-ac68890 e-con-full e-flex e-con e-parent\" data-id=\"ac68890\" data-element_type=\"container\">\n\t\t<div class=\"elementor-element elementor-element-80cf9c2 e-con-full e-flex e-con e-child\" data-id=\"80cf9c2\" data-element_type=\"container\">\n\t\t\t\t<div class=\"elementor-element elementor-element-daf44cf elementor-widget elementor-widget-heading\" data-id=\"daf44cf\" data-element_type=\"widget\" data-widget_type=\"heading.default\">\n\t\t\t\t<div class=\"elementor-widget-container\">\n\t\t\t\t\t<h2 class=\"elementor-heading-title elementor-size-default\">TARTU KRIKETI KLUBI AJALUGU<\/h2>\t\t\t\t<\/div>\n\t\t\t\t<\/div>\n\t\t\t\t<div class=\"elementor-element elementor-element-ba1c7e3 elementor-widget elementor-widget-text-editor\" data-id=\"ba1c7e3\" data-element_type=\"widget\" data-widget_type=\"text-editor.default\">\n\t\t\t\t<div class=\"elementor-widget-container\">\n\t\t\t\t\t\t\t\t\t<p>Tartu Kriketi Klubi oli esimene kriketiklubi Eestis v\u00e4ljaspool Tallinna. Oleme alati olnud mitmekultuurilised ja meie meeskonnas on igal aastal olnud m\u00e4ngijaid v\u00e4hemalt kuuest erinevast riigist. Osaleme Eesti sise- ja v\u00e4liliigades Tallinnas.<\/p><p>Meie klubi\u00fcrituste hulka kuuluvad nii suvel kui ka talvel toimuvad nii sise- kui ka v\u00e4litingimustes toimuvad klubisisesed s\u00f5bralikud p\u00e4evad ning saame v\u00f5\u00f5rustada ka ringreisil osalevaid meeskondi pehmepalli kriketim\u00e4ngudeks.<\/p>\t\t\t\t\t\t\t\t<\/div>\n\t\t\t\t<\/div>\n\t\t\t\t<div class=\"elementor-element elementor-element-84390ff elementor-widget elementor-widget-text-editor\" data-id=\"84390ff\" data-element_type=\"widget\" data-widget_type=\"text-editor.default\">\n\t\t\t\t<div class=\"elementor-widget-container\">\n\t\t\t\t\t\t\t\t\t<h6><span style=\"color: #000000;\"><strong>Auhinnad:<\/strong><\/span><\/h6><p><span style=\"color: #000000;\"><strong>Eesti premium-siseliiga<\/strong><\/span><\/p><p>Teine koht: 2018-19<br \/>Teine koht: 2019-20<\/p>\t\t\t\t\t\t\t\t<\/div>\n\t\t\t\t<\/div>\n\t\t\t\t<div class=\"elementor-element elementor-element-7d5865e elementor-widget elementor-widget-text-editor\" data-id=\"7d5865e\" data-element_type=\"widget\" data-widget_type=\"text-editor.default\">\n\t\t\t\t<div class=\"elementor-widget-container\">\n\t\t\t\t\t\t\t\t\t<h6><span style=\"color: #000000;\"><strong>Juhatus 04\/02\/2019 \u2013 19\/06\/2023<\/strong><\/span><\/h6><p>Casey Collins: Juhatuse esimees\/ Laekur<br \/>Liina S\u00f5rmus: Sekret\u00e4r<\/p>\t\t\t\t\t\t\t\t<\/div>\n\t\t\t\t<\/div>\n\t\t\t\t<div class=\"elementor-element elementor-element-f0f0440 elementor-widget elementor-widget-text-editor\" data-id=\"f0f0440\" data-element_type=\"widget\" data-widget_type=\"text-editor.default\">\n\t\t\t\t<div class=\"elementor-widget-container\">\n\t\t\t\t\t\t\t\t\t<h6><span style=\"color: #000000;\"><strong>Juhatus: 19\/06\/2023 \u2013 21\/10\/2024<br \/><\/strong><\/span><\/h6><p>Vishal Tirkey: Esimees<br \/>Robert Davis: Sekret\u00e4r<br \/>Casey Collins: Laekur<\/p>\t\t\t\t\t\t\t\t<\/div>\n\t\t\t\t<\/div>\n\t\t\t\t<div class=\"elementor-element elementor-element-bea6d6a elementor-widget elementor-widget-text-editor\" data-id=\"bea6d6a\" data-element_type=\"widget\" data-widget_type=\"text-editor.default\">\n\t\t\t\t<div class=\"elementor-widget-container\">\n\t\t\t\t\t\t\t\t\t<h6><span style=\"color: #000000;\"><strong>Juhatus: 21\/10\/2024 \u2013 10\/10\/2025<br \/><\/strong><\/span><\/h6><p>Paul Williams: Esimees<br \/>Robert Davis: Sekret\u00e4r<br \/>Casey Collins: Laekur<\/p>\t\t\t\t\t\t\t\t<\/div>\n\t\t\t\t<\/div>\n\t\t\t\t<div class=\"elementor-element elementor-element-6f7f805 elementor-widget elementor-widget-text-editor\" data-id=\"6f7f805\" data-element_type=\"widget\" data-widget_type=\"text-editor.default\">\n\t\t\t\t<div class=\"elementor-widget-container\">\n\t\t\t\t\t\t\t\t\t<h6><span style=\"color: #000000;\"><strong>Juhatus: 10\/10\/2025 \u2013 N\u00fc\u00fcd<br><\/strong><\/span><\/h6>\n<p>Paul Williams: Esimees<br>Vishal Tirkey: Sekret\u00e4r<br>Casey Collins: Laekur<\/p>\t\t\t\t\t\t\t\t<\/div>\n\t\t\t\t<\/div>\n\t\t\t\t<\/div>\n\t\t\t\t<\/div>\n\t\t\t\t<\/div>","protected":false},"excerpt":{"rendered":"<p>HISTORY OF TARTU CRICKET CLUB Tartu Cricket Club was the first cricket club in Estonia to be based outside of Tallinn. We have always been a multicultural club with players in our squad from at least 6 different countries every year who participate in the Estonian outdoor and indoor leagues in Tallinn. Our club social [&hellip;]<\/p>","protected":false},"author":1,"featured_media":0,"parent":0,"menu_order":0,"comment_status":"closed","ping_status":"closed","template":"","meta":{"nf_dc_page":"","footnotes":""},"class_list":["post-589","page","type-page","status-publish","hentry"],"_links":{"self":[{"href":"https:\/\/tartucricket.com\/et\/wp-json\/wp\/v2\/pages\/589","targetHints":{"allow":["GET"]}}],"collection":[{"href":"https:\/\/tartucricket.com\/et\/wp-json\/wp\/v2\/pages"}],"about":[{"href":"https:\/\/tartucricket.com\/et\/wp-json\/wp\/v2\/types\/page"}],"author":[{"embeddable":true,"href":"https:\/\/tartucricket.com\/et\/wp-json\/wp\/v2\/users\/1"}],"replies":[{"embeddable":true,"href":"https:\/\/tartucricket.com\/et\/wp-json\/wp\/v2\/comments?post=589"}],"version-history":[{"count":17,"href":"https:\/\/tartucricket.com\/et\/wp-json\/wp\/v2\/pages\/589\/revisions"}],"predecessor-version":[{"id":2081,"href":"https:\/\/tartucricket.com\/et\/wp-json\/wp\/v2\/pages\/589\/revisions\/2081"}],"wp:attachment":[{"href":"https:\/\/tartucricket.com\/et\/wp-json\/wp\/v2\/media?parent=589"}],"curies":[{"name":"wp","href":"https:\/\/api.w.org\/{rel}","templated":true}]}}