{"id":507,"date":"2024-05-14T10:54:54","date_gmt":"2024-05-14T10:54:54","guid":{"rendered":"https:\/\/tartucricket.com\/?page_id=507"},"modified":"2024-06-07T05:57:04","modified_gmt":"2024-06-07T05:57:04","slug":"intro-sessions","status":"publish","type":"page","link":"https:\/\/tartucricket.com\/et\/intro-sessions\/","title":{"rendered":"SISSEJUHATAVAD TUNNID"},"content":{"rendered":"<div data-elementor-type=\"wp-page\" data-elementor-id=\"507\" class=\"elementor elementor-507\" data-elementor-post-type=\"page\">\n\t\t\t\t<div class=\"elementor-element elementor-element-7a819c6 e-flex e-con-boxed e-con e-parent\" data-id=\"7a819c6\" data-element_type=\"container\">\n\t\t\t\t\t<div class=\"e-con-inner\">\n\t\t<div class=\"elementor-element elementor-element-c86970a e-con-full e-flex e-con e-child\" data-id=\"c86970a\" data-element_type=\"container\">\n\t\t\t\t<div class=\"elementor-element elementor-element-351ffd5 elementor-widget elementor-widget-text-editor\" data-id=\"351ffd5\" data-element_type=\"widget\" data-widget_type=\"text-editor.default\">\n\t\t\t\t<div class=\"elementor-widget-container\">\n\t\t\t\t\t\t\t\t\t<p>Tartu Kriketi Klubi viib l\u00e4bi sissejuhatavaid kriketitunde Tartus asuvatele ettev\u00f5tetele ja organisatsioonidele. Tunnid pakuvad l\u00f5busat ja k\u00f5iki kaasahaaravatkogemust, mis \u00fchtsustab meeskonda ning sobib igas vanuses ja erineva suutlikkusega inimestele.<\/p>\t\t\t\t\t\t\t\t<\/div>\n\t\t\t\t<\/div>\n\t\t\t\t<\/div>\n\t\t<div class=\"elementor-element elementor-element-4b51d60 e-con-full e-flex e-con e-child\" data-id=\"4b51d60\" data-element_type=\"container\">\n\t\t\t\t<div class=\"elementor-element elementor-element-8cb03f7 elementor-widget elementor-widget-text-editor\" data-id=\"8cb03f7\" data-element_type=\"widget\" data-widget_type=\"text-editor.default\">\n\t\t\t\t<div class=\"elementor-widget-container\">\n\t\t\t\t\t\t\t\t\t<p>Sissejuhatava tunni osalejate arv ei ole piiratud, mist\u00f5ttu on see paindlik t\u00e4iendus igale ettev\u00f5tte s\u00fcndmusele. T\u00f6\u00f6kaaslased peavad \u00fchtse meeskonnana koost\u00f6\u00f6d tegema, suhtlema ja probleeme lahendama, mist\u00f5ttu on tegu nauditava viisiga t\u00f5husate t\u00f6\u00f6suhete tuvastamiseks ja moraali t\u00f5stmiseks t\u00f6\u00f6kohal.<\/p>\t\t\t\t\t\t\t\t<\/div>\n\t\t\t\t<\/div>\n\t\t\t\t<\/div>\n\t\t<div class=\"elementor-element elementor-element-bc01858 e-con-full e-flex e-con e-child\" data-id=\"bc01858\" data-element_type=\"container\">\n\t\t\t\t<div class=\"elementor-element elementor-element-a31869d elementor-widget elementor-widget-text-editor\" data-id=\"a31869d\" data-element_type=\"widget\" data-widget_type=\"text-editor.default\">\n\t\t\t\t<div class=\"elementor-widget-container\">\n\t\t\t\t\t\t\t\t\t<p><strong>Sissejuhatavad tunnid sisaldavad allj\u00e4rgnevat:<\/strong><\/p><p>\u2022 ICC 1 Taseme Treener;<\/p><p>\u2022 Criiio Kriketiprogrammi L\u00e4biviija;<\/p><p>\u2022 Tartu Kriketi Klubi liikmed, kes abistavad treenerit, l\u00e4biviijat ja osalejaid;<\/p><p>\u2022 Klubi kriketivarustuse tasuta kasutamine.<\/p>\t\t\t\t\t\t\t\t<\/div>\n\t\t\t\t<\/div>\n\t\t\t\t<\/div>\n\t\t<div class=\"elementor-element elementor-element-c7317c0 e-con-full e-flex e-con e-child\" data-id=\"c7317c0\" data-element_type=\"container\">\n\t\t\t\t<div class=\"elementor-element elementor-element-72cff5a elementor-widget elementor-widget-text-editor\" data-id=\"72cff5a\" data-element_type=\"widget\" data-widget_type=\"text-editor.default\">\n\t\t\t\t<div class=\"elementor-widget-container\">\n\t\t\t\t\t\t\t\t\t<p><strong>Peamised Kasutegurid Ettev\u00f5ttele:<\/strong><\/p><p>\u2022 meeskonna koost\u00f6\u00f6;<\/p><p>\u2022 v\u00f5rgustikut\u00f6\u00f6;<\/p><p>\u2022 interaktiivsus;<\/p><p>\u2022 meelelahutus;<\/p><p>\u2022 energilisus;<\/p><p>\u2022 tervislik v\u00f5istlus.<\/p>\t\t\t\t\t\t\t\t<\/div>\n\t\t\t\t<\/div>\n\t\t\t\t<\/div>\n\t\t<div class=\"elementor-element elementor-element-a589536 e-con-full e-flex e-con e-child\" data-id=\"a589536\" data-element_type=\"container\">\n\t\t\t\t<div class=\"elementor-element elementor-element-5d673b3 elementor-widget elementor-widget-text-editor\" data-id=\"5d673b3\" data-element_type=\"widget\" data-widget_type=\"text-editor.default\">\n\t\t\t\t<div class=\"elementor-widget-container\">\n\t\t\t\t\t\t\t\t\t<p><strong>Kui oled huvitatud t\u00e4iendavast teabest meie sissejuhatavate kriketitundide kohta, v\u00f5ta meiega palun \u00fchendust e-posti aadressil: <a href=\"mailto:info@tartucricket.com\">info@tartucricket.com<\/a><\/strong><\/p>\t\t\t\t\t\t\t\t<\/div>\n\t\t\t\t<\/div>\n\t\t\t\t<\/div>\n\t\t<div class=\"elementor-element elementor-element-8b7a4d8 e-con-full e-flex e-con e-child\" data-id=\"8b7a4d8\" data-element_type=\"container\">\n\t\t\t\t<div class=\"elementor-element elementor-element-b779f29 elementor-widget elementor-widget-heading\" data-id=\"b779f29\" data-element_type=\"widget\" data-widget_type=\"heading.default\">\n\t\t\t\t<div class=\"elementor-widget-container\">\n\t\t\t\t\t<h2 class=\"elementor-heading-title elementor-size-default\">MEIE GALERII<\/h2>\t\t\t\t<\/div>\n\t\t\t\t<\/div>\n\t\t\t\t<div class=\"elementor-element elementor-element-b77bc44 elementor-arrows-position-inside elementor-widget elementor-widget-image-carousel\" data-id=\"b77bc44\" data-element_type=\"widget\" data-settings=\"{&quot;navigation&quot;:&quot;arrows&quot;,&quot;image_spacing_custom&quot;:{&quot;unit&quot;:&quot;px&quot;,&quot;size&quot;:10,&quot;sizes&quot;:[]},&quot;slides_to_show&quot;:&quot;3&quot;,&quot;slides_to_scroll&quot;:&quot;1&quot;,&quot;autoplay&quot;:&quot;yes&quot;,&quot;pause_on_hover&quot;:&quot;yes&quot;,&quot;pause_on_interaction&quot;:&quot;yes&quot;,&quot;autoplay_speed&quot;:5000,&quot;infinite&quot;:&quot;yes&quot;,&quot;speed&quot;:500,&quot;image_spacing_custom_tablet&quot;:{&quot;unit&quot;:&quot;px&quot;,&quot;size&quot;:&quot;&quot;,&quot;sizes&quot;:[]},&quot;image_spacing_custom_mobile&quot;:{&quot;unit&quot;:&quot;px&quot;,&quot;size&quot;:&quot;&quot;,&quot;sizes&quot;:[]}}\" data-widget_type=\"image-carousel.default\">\n\t\t\t\t<div class=\"elementor-widget-container\">\n\t\t\t\t\t\t\t<div class=\"elementor-image-carousel-wrapper swiper\" role=\"region\" aria-roledescription=\"carousel\" aria-label=\"Image Carousel\" dir=\"ltr\">\n\t\t\t<div class=\"elementor-image-carousel swiper-wrapper\" aria-live=\"off\">\n\t\t\t\t\t\t\t\t<div class=\"swiper-slide\" role=\"group\" aria-roledescription=\"slide\" aria-label=\"1 of 7\"><figure class=\"swiper-slide-inner\"><img decoding=\"async\" class=\"swiper-slide-image\" src=\"https:\/\/tartucricket.com\/wp-content\/uploads\/elementor\/thumbs\/2-1-qpanhcto8x11phl834dur15irr2vaq3fdg411ydbjg.jpg\" alt=\"2 (1)\" \/><\/figure><\/div><div class=\"swiper-slide\" role=\"group\" aria-roledescription=\"slide\" aria-label=\"2 of 7\"><figure class=\"swiper-slide-inner\"><img decoding=\"async\" class=\"swiper-slide-image\" src=\"https:\/\/tartucricket.com\/wp-content\/uploads\/elementor\/thumbs\/3-qpanhdrifr2c13juxmshbiwzd4y8if75pkrij8bxd8.jpg\" alt=\"3\" \/><\/figure><\/div><div class=\"swiper-slide\" role=\"group\" aria-roledescription=\"slide\" aria-label=\"3 of 7\"><figure class=\"swiper-slide-inner\"><img decoding=\"async\" class=\"swiper-slide-image\" src=\"https:\/\/tartucricket.com\/wp-content\/uploads\/elementor\/thumbs\/4-qpanhfn6tf4wobh4mnlqgifwjwoyxtemdu2hhs950s.jpg\" alt=\"4\" \/><\/figure><\/div><div class=\"swiper-slide\" role=\"group\" aria-roledescription=\"slide\" aria-label=\"4 of 7\"><figure class=\"swiper-slide-inner\"><img decoding=\"async\" class=\"swiper-slide-image\" src=\"https:\/\/tartucricket.com\/wp-content\/uploads\/elementor\/thumbs\/5-qpanhgl10966zxfrh60d107d5akc5iicpypyz27quk.jpg\" alt=\"5\" \/><\/figure><\/div><div class=\"swiper-slide\" role=\"group\" aria-roledescription=\"slide\" aria-label=\"5 of 7\"><figure class=\"swiper-slide-inner\"><img decoding=\"async\" class=\"swiper-slide-image\" src=\"https:\/\/tartucricket.com\/wp-content\/uploads\/elementor\/thumbs\/1-qpanhhiv737hbjeeboezlhytqofpd7m323dggc6coc.jpg\" alt=\"1\" \/><\/figure><\/div><div class=\"swiper-slide\" role=\"group\" aria-roledescription=\"slide\" aria-label=\"6 of 7\"><figure class=\"swiper-slide-inner\"><img decoding=\"async\" class=\"swiper-slide-image\" src=\"https:\/\/tartucricket.com\/wp-content\/uploads\/elementor\/thumbs\/6-1-qpanhjejkra1yrbo0p88qhhqxg6fsltjqcofew3kbw.jpg\" alt=\"6 (1)\" \/><\/figure><\/div><div class=\"swiper-slide\" role=\"group\" aria-roledescription=\"slide\" aria-label=\"7 of 7\"><figure class=\"swiper-slide-inner\"><img decoding=\"async\" class=\"swiper-slide-image\" src=\"https:\/\/tartucricket.com\/wp-content\/uploads\/elementor\/thumbs\/8-1-qpanhm8259dwxl7kk8g4fys4plsjfp4qqqmvupzdt8.jpg\" alt=\"8 (1)\" \/><\/figure><\/div>\t\t\t<\/div>\n\t\t\t\t\t\t\t\t\t\t\t\t<div class=\"elementor-swiper-button elementor-swiper-button-prev\" role=\"button\" tabindex=\"0\">\n\t\t\t\t\t\t<svg aria-hidden=\"true\" class=\"e-font-icon-svg e-eicon-chevron-left\" viewbox=\"0 0 1000 1000\" xmlns=\"http:\/\/www.w3.org\/2000\/svg\"><path d=\"M646 125C629 125 613 133 604 142L308 442C296 454 292 471 292 487 292 504 296 521 308 533L604 854C617 867 629 875 646 875 663 875 679 871 692 858 704 846 713 829 713 812 713 796 708 779 692 767L438 487 692 225C700 217 708 204 708 187 708 171 704 154 692 142 675 129 663 125 646 125Z\"><\/path><\/svg>\t\t\t\t\t<\/div>\n\t\t\t\t\t<div class=\"elementor-swiper-button elementor-swiper-button-next\" role=\"button\" tabindex=\"0\">\n\t\t\t\t\t\t<svg aria-hidden=\"true\" class=\"e-font-icon-svg e-eicon-chevron-right\" viewbox=\"0 0 1000 1000\" xmlns=\"http:\/\/www.w3.org\/2000\/svg\"><path d=\"M696 533C708 521 713 504 713 487 713 471 708 454 696 446L400 146C388 133 375 125 354 125 338 125 325 129 313 142 300 154 292 171 292 187 292 204 296 221 308 233L563 492 304 771C292 783 288 800 288 817 288 833 296 850 308 863 321 871 338 875 354 875 371 875 388 867 400 854L696 533Z\"><\/path><\/svg>\t\t\t\t\t<\/div>\n\t\t\t\t\n\t\t\t\t\t\t\t\t\t<\/div>\n\t\t\t\t\t\t<\/div>\n\t\t\t\t<\/div>\n\t\t\t\t<\/div>\n\t\t\t\t\t<\/div>\n\t\t\t\t<\/div>\n\t\t\t\t<\/div>","protected":false},"excerpt":{"rendered":"<p>Tartu Cricket Club delivers intro to cricket sessions for Tartu based companies and organisations that are a fun and inclusive team-building experience that is suitable for all ages and abilities. The intro sessions can include any number of people, making it a great active addition to any company occasion. Work colleagues will have to cooperate, [&hellip;]<\/p>","protected":false},"author":1,"featured_media":0,"parent":0,"menu_order":0,"comment_status":"closed","ping_status":"closed","template":"","meta":{"nf_dc_page":"","footnotes":""},"class_list":["post-507","page","type-page","status-publish","hentry"],"_links":{"self":[{"href":"https:\/\/tartucricket.com\/et\/wp-json\/wp\/v2\/pages\/507","targetHints":{"allow":["GET"]}}],"collection":[{"href":"https:\/\/tartucricket.com\/et\/wp-json\/wp\/v2\/pages"}],"about":[{"href":"https:\/\/tartucricket.com\/et\/wp-json\/wp\/v2\/types\/page"}],"author":[{"embeddable":true,"href":"https:\/\/tartucricket.com\/et\/wp-json\/wp\/v2\/users\/1"}],"replies":[{"embeddable":true,"href":"https:\/\/tartucricket.com\/et\/wp-json\/wp\/v2\/comments?post=507"}],"version-history":[{"count":5,"href":"https:\/\/tartucricket.com\/et\/wp-json\/wp\/v2\/pages\/507\/revisions"}],"predecessor-version":[{"id":1583,"href":"https:\/\/tartucricket.com\/et\/wp-json\/wp\/v2\/pages\/507\/revisions\/1583"}],"wp:attachment":[{"href":"https:\/\/tartucricket.com\/et\/wp-json\/wp\/v2\/media?parent=507"}],"curies":[{"name":"wp","href":"https:\/\/api.w.org\/{rel}","templated":true}]}}