{"id":1616,"date":"2024-06-10T13:27:37","date_gmt":"2024-06-10T13:27:37","guid":{"rendered":"https:\/\/tartucricket.com\/?page_id=1616"},"modified":"2025-11-19T13:09:26","modified_gmt":"2025-11-19T13:09:26","slug":"social-events","status":"publish","type":"page","link":"https:\/\/tartucricket.com\/et\/social-events\/","title":{"rendered":"\u00dcRITUSED"},"content":{"rendered":"<div data-elementor-type=\"wp-page\" data-elementor-id=\"1616\" class=\"elementor elementor-1616\" data-elementor-post-type=\"page\">\n\t\t\t\t<div class=\"elementor-element elementor-element-c2cc1ef e-flex e-con-boxed e-con e-parent\" data-id=\"c2cc1ef\" data-element_type=\"container\">\n\t\t\t\t\t<div class=\"e-con-inner\">\n\t\t<div class=\"elementor-element elementor-element-1a498e6 e-con-full e-flex e-con e-child\" data-id=\"1a498e6\" data-element_type=\"container\">\n\t\t\t\t<div class=\"elementor-element elementor-element-7cc3a03 elementor-widget elementor-widget-text-editor\" data-id=\"7cc3a03\" data-element_type=\"widget\" data-widget_type=\"text-editor.default\">\n\t\t\t\t<div class=\"elementor-widget-container\">\n\t\t\t\t\t\t\t\t\t<p>Tartu Kriketi Klubi korraldab oma liikmetele ja k\u00fclalistele igal aastal mitmeid \u00fcritusi. Lisateabe saamiseks v\u00f5ta palun klubiga e-posti teel \u00fchendust: <a href=\"mailto:info@tartucricket.com\">info@tartucricket.com<\/a><\/p>\t\t\t\t\t\t\t\t<\/div>\n\t\t\t\t<\/div>\n\t\t\t\t<\/div>\n\t\t<div class=\"elementor-element elementor-element-9cbeb97 e-con-full e-grid e-con e-child\" data-id=\"9cbeb97\" data-element_type=\"container\">\n\t\t\t\t<div class=\"elementor-element elementor-element-0403bdd elementor-widget elementor-widget-image\" data-id=\"0403bdd\" data-element_type=\"widget\" data-widget_type=\"image.default\">\n\t\t\t\t<div class=\"elementor-widget-container\">\n\t\t\t\t\t\t\t\t\t\t\t\t\t\t\t<img fetchpriority=\"high\" decoding=\"async\" width=\"800\" height=\"600\" src=\"https:\/\/tartucricket.com\/wp-content\/uploads\/2024\/09\/social-1024x768.jpg\" class=\"attachment-large size-large wp-image-1823\" alt=\"\" srcset=\"https:\/\/tartucricket.com\/wp-content\/uploads\/2024\/09\/social-1024x768.jpg 1024w, https:\/\/tartucricket.com\/wp-content\/uploads\/2024\/09\/social-300x225.jpg 300w, https:\/\/tartucricket.com\/wp-content\/uploads\/2024\/09\/social-768x576.jpg 768w, https:\/\/tartucricket.com\/wp-content\/uploads\/2024\/09\/social-1536x1152.jpg 1536w, https:\/\/tartucricket.com\/wp-content\/uploads\/2024\/09\/social-16x12.jpg 16w, https:\/\/tartucricket.com\/wp-content\/uploads\/2024\/09\/social.jpg 2048w\" sizes=\"(max-width: 800px) 100vw, 800px\" \/>\t\t\t\t\t\t\t\t\t\t\t\t\t\t\t<\/div>\n\t\t\t\t<\/div>\n\t\t\t\t<div class=\"elementor-element elementor-element-dbcba12 elementor-widget elementor-widget-image\" data-id=\"dbcba12\" data-element_type=\"widget\" data-widget_type=\"image.default\">\n\t\t\t\t<div class=\"elementor-widget-container\">\n\t\t\t\t\t\t\t\t\t\t\t\t\t\t\t<img decoding=\"async\" width=\"800\" height=\"600\" src=\"https:\/\/tartucricket.com\/wp-content\/uploads\/2025\/11\/club-dinner.png\" class=\"attachment-large size-large wp-image-1991\" alt=\"\" srcset=\"https:\/\/tartucricket.com\/wp-content\/uploads\/2025\/11\/club-dinner.png 800w, https:\/\/tartucricket.com\/wp-content\/uploads\/2025\/11\/club-dinner-300x225.png 300w, https:\/\/tartucricket.com\/wp-content\/uploads\/2025\/11\/club-dinner-768x576.png 768w, https:\/\/tartucricket.com\/wp-content\/uploads\/2025\/11\/club-dinner-16x12.png 16w\" sizes=\"(max-width: 800px) 100vw, 800px\" \/>\t\t\t\t\t\t\t\t\t\t\t\t\t\t\t<\/div>\n\t\t\t\t<\/div>\n\t\t\t\t<\/div>\n\t\t\t\t\t<\/div>\n\t\t\t\t<\/div>\n\t\t\t\t<\/div>","protected":false},"excerpt":{"rendered":"<p>Tartu Cricket Club hosts various social events each year for our members and guests. Please contact the club via email for further information: info@tartucricket.com<\/p>","protected":false},"author":1,"featured_media":0,"parent":0,"menu_order":0,"comment_status":"closed","ping_status":"closed","template":"","meta":{"nf_dc_page":"","footnotes":""},"class_list":["post-1616","page","type-page","status-publish","hentry"],"_links":{"self":[{"href":"https:\/\/tartucricket.com\/et\/wp-json\/wp\/v2\/pages\/1616","targetHints":{"allow":["GET"]}}],"collection":[{"href":"https:\/\/tartucricket.com\/et\/wp-json\/wp\/v2\/pages"}],"about":[{"href":"https:\/\/tartucricket.com\/et\/wp-json\/wp\/v2\/types\/page"}],"author":[{"embeddable":true,"href":"https:\/\/tartucricket.com\/et\/wp-json\/wp\/v2\/users\/1"}],"replies":[{"embeddable":true,"href":"https:\/\/tartucricket.com\/et\/wp-json\/wp\/v2\/comments?post=1616"}],"version-history":[{"count":14,"href":"https:\/\/tartucricket.com\/et\/wp-json\/wp\/v2\/pages\/1616\/revisions"}],"predecessor-version":[{"id":2000,"href":"https:\/\/tartucricket.com\/et\/wp-json\/wp\/v2\/pages\/1616\/revisions\/2000"}],"wp:attachment":[{"href":"https:\/\/tartucricket.com\/et\/wp-json\/wp\/v2\/media?parent=1616"}],"curies":[{"name":"wp","href":"https:\/\/api.w.org\/{rel}","templated":true}]}}