{"id":1483,"date":"2024-06-06T05:59:54","date_gmt":"2024-06-06T05:59:54","guid":{"rendered":"https:\/\/tartucricket.com\/?page_id=1483"},"modified":"2024-06-12T12:13:11","modified_gmt":"2024-06-12T12:13:11","slug":"constitution","status":"publish","type":"page","link":"https:\/\/tartucricket.com\/et\/constitution\/","title":{"rendered":"P\u00d5HIKIRI"},"content":{"rendered":"<div data-elementor-type=\"wp-page\" data-elementor-id=\"1483\" class=\"elementor elementor-1483\" data-elementor-post-type=\"page\">\n\t\t\t\t<div class=\"elementor-element elementor-element-8624881 e-flex e-con-boxed e-con e-parent\" data-id=\"8624881\" data-element_type=\"container\">\n\t\t\t\t\t<div class=\"e-con-inner\">\n\t\t<div class=\"elementor-element elementor-element-af5c45f e-con-full e-flex e-con e-child\" data-id=\"af5c45f\" data-element_type=\"container\">\n\t\t\t\t<div class=\"elementor-element elementor-element-6957896 elementor-widget elementor-widget-heading\" data-id=\"6957896\" data-element_type=\"widget\" data-widget_type=\"heading.default\">\n\t\t\t\t<div class=\"elementor-widget-container\">\n\t\t\t\t\t<h2 class=\"elementor-heading-title elementor-size-default\">Mittetulundus\u00fchingu Tartu Kriketi Klubi p\u00f5hikiri<\/h2>\t\t\t\t<\/div>\n\t\t\t\t<\/div>\n\t\t\t\t<div class=\"elementor-element elementor-element-ea3c450 elementor-widget elementor-widget-heading\" data-id=\"ea3c450\" data-element_type=\"widget\" data-widget_type=\"heading.default\">\n\t\t\t\t<div class=\"elementor-widget-container\">\n\t\t\t\t\t<h2 class=\"elementor-heading-title elementor-size-default\">Kinnitatud 29.01.2019 \u00fcldkoosoleku otsusega.<\/h2>\t\t\t\t<\/div>\n\t\t\t\t<\/div>\n\t\t\t\t<div class=\"elementor-element elementor-element-0c5029b elementor-widget elementor-widget-text-editor\" data-id=\"0c5029b\" data-element_type=\"widget\" data-widget_type=\"text-editor.default\">\n\t\t\t\t<div class=\"elementor-widget-container\">\n\t\t\t\t\t\t\t\t\t<p><strong>I \u00dcLDS\u00c4TTED<\/strong><\/p><p>\u00a0<\/p><p>1.1 Mittetulundus\u00fching (edaspidi \u201e\u00fching\u201d) Tartu Kriketi Klubi on avalikes huvides tegutsev\norganisatsioon, mille asukohaks on Eesti Vabariik, Tartu.<\/p><p>1.2 \u00dchingu eesm\u00e4rgiks on edendada kriketim\u00e4ngu Eestis ning osaleda Eesti Kriketi Liidu\nEesti Liiga v\u00f5istlustel, mille saavutamiseks teostatakse muuhulgas j\u00e4rgmisi tegevusi:<\/p><p>1.2.1 V\u00e4rvata klubisse uusi liikmeid;<\/p><p>1.2.3 V\u00f5istelda edukalt Eesti Liigas;<\/p><p>1.2.4 Propageerida kriketit Eestis.<\/p>\t\t\t\t\t\t\t\t<\/div>\n\t\t\t\t<\/div>\n\t\t\t\t<\/div>\n\t\t<div class=\"elementor-element elementor-element-53f8e29 e-con-full e-flex e-con e-child\" data-id=\"53f8e29\" data-element_type=\"container\">\n\t\t\t\t<div class=\"elementor-element elementor-element-80d3708 elementor-widget elementor-widget-text-editor\" data-id=\"80d3708\" data-element_type=\"widget\" data-widget_type=\"text-editor.default\">\n\t\t\t\t<div class=\"elementor-widget-container\">\n\t\t\t\t\t\t\t\t\t<p><strong>II LIIKMETE \u00d5IGUSED JA KOHUSTUSED<\/strong><\/p><p>\u00a0<\/p><p>2.1 \u00dchingu liikmeks olla iga f\u00fc\u00fcsiline v\u00f5i juriidiline isik, kes on valmis aktiivselt kaasa\nl\u00f6\u00f6ma \u00fchingu eesm\u00e4rkide elluviimisel ja t\u00e4idab p\u00f5hikirja n\u00f5udeid. Liikmeks vastuv\u00f5tmise\nja v\u00e4ljaarvamise korraldab \u00fchingu juhatus.<\/p><p>2.2 \u00dchingu liikmel on k\u00f5ik seadusest tulenevad \u00f5igused ja \u00f5igus saada juhtorganitelt\nigak\u00fclgset teavet \u00fchingu tegevuse kohta.<\/p><p>2.3 \u00dchingu sisseastumis- ja liikmemaksu suurused kinnitab \u00fcldkoosolek.<\/p><p>2.4 \u00dchingu liige v\u00f5idakse \u00fchingust v\u00e4lja arvata lisaks seaduses s\u00e4testatud juhtudele, kui\nta:<\/p><p>2.4.1 ei tasu kindlaksm\u00e4\u00e4ratud ajaks etten\u00e4htud liikmemaksu v\u00f5i sisseastumismaksu;<\/p><p>2.4.2 on esitanud \u00fchingusse vastuv\u00f5tmisel teadlikult eba\u00f5igeid andmeid, mille t\u00f5ttu tema\nvastuv\u00f5tmine \u00fchingu liikmeks ei olnud \u00f5igusp\u00e4rane.<\/p>\t\t\t\t\t\t\t\t<\/div>\n\t\t\t\t<\/div>\n\t\t\t\t<\/div>\n\t\t<div class=\"elementor-element elementor-element-30c61b4 e-con-full e-flex e-con e-child\" data-id=\"30c61b4\" data-element_type=\"container\">\n\t\t\t\t<div class=\"elementor-element elementor-element-fa5c978 elementor-widget elementor-widget-text-editor\" data-id=\"fa5c978\" data-element_type=\"widget\" data-widget_type=\"text-editor.default\">\n\t\t\t\t<div class=\"elementor-widget-container\">\n\t\t\t\t\t\t\t\t\t<p><strong>III JUHTIMINE<\/strong><\/p><p>\u00a0<\/p><p>3.1 \u00dchingu k\u00f5rgeimaks organiks on liikmete \u00fcldkoosolek vastavalt seadusele, kus v\u00f5ivad\nosaleda k\u00f5ik \u00fchingu liikmed.<\/p><p>3.2 \u00dcldkoosoleku kokkukutsumisel, kvoorumil ja otsuste vastuv\u00f5tmisel l\u00e4htutakse\nseadusest.<\/p><p>3.3 \u00dchingul juhatus valitakse kolmeks aastaks ja sinna v\u00f5ib kuuluda kuni kolm liiget, kelle\nm\u00e4\u00e4rab \u00fcldkoosolek.<\/p><p>3.4 Juhatuse koosolekud toimuvad vastavalt vajadusele ning juhatus on otsustuv\u00f5imeline,\nkui koosolekul osaleb \u00fcle poole liikmetest, otsuste vastuv\u00f5tmiseks on vaja 2\/3\nh\u00e4\u00e4lteenamust.<\/p><p>3.5 \u00dcldkoosolek v\u00f5ib m\u00e4\u00e4rata revisjoni v\u00f5i audiitorkontrolli juhatuse ametiajaks.<\/p>\t\t\t\t\t\t\t\t<\/div>\n\t\t\t\t<\/div>\n\t\t\t\t<\/div>\n\t\t<div class=\"elementor-element elementor-element-705310f e-con-full e-flex e-con e-child\" data-id=\"705310f\" data-element_type=\"container\">\n\t\t\t\t<div class=\"elementor-element elementor-element-984aee3 elementor-widget elementor-widget-text-editor\" data-id=\"984aee3\" data-element_type=\"widget\" data-widget_type=\"text-editor.default\">\n\t\t\t\t<div class=\"elementor-widget-container\">\n\t\t\t\t\t\t\t\t\t<p><strong>IV MAJANDUSTEGEVUS JA VARA JAOTUS<\/strong><\/p><p>\u00a0<\/p><p>4.1 \u00dching v\u00f5ib vastavalt seadusele anda v\u00e4lja stipendiume ja tegeleda majandus- ning\nkoolitustegevusega.<\/p><p>4.2 \u00dching l\u00f5petatakse vastavalt seaduses etten\u00e4htud korrale.<\/p><p>4.3 \u00dchingu tegevuse l\u00f5petamise korral antakse j\u00e4relej\u00e4\u00e4nud vara \u00fcle\ntulumaksusoodustusega mittetulundus\u00fchingute ja sihtasutuste nimekirja liikmeks olevale\nsarnase eesm\u00e4rgiga organisatsioonile v\u00f5i avalik-\u00f5iguslikule juriidilise isikule<\/p>\t\t\t\t\t\t\t\t<\/div>\n\t\t\t\t<\/div>\n\t\t\t\t<\/div>\n\t\t\t\t\t<\/div>\n\t\t\t\t<\/div>\n\t\t\t\t<\/div>","protected":false},"excerpt":{"rendered":"<p>Non-profit organisation: Tartu Cricket Club constitution Approved by the decision of the general meeting on 29.01.2019. 1. GENERAL \u00a0 1.1 Non-profit organisation Tartu Cricket Club (from here on organisation) is an organisation acting in the public interest. Its location is Tartu, Republic of Estonia. 1.2 The purpose of the organisation is to improve cricket in [&hellip;]<\/p>","protected":false},"author":1,"featured_media":0,"parent":0,"menu_order":0,"comment_status":"closed","ping_status":"closed","template":"","meta":{"nf_dc_page":"","footnotes":""},"class_list":["post-1483","page","type-page","status-publish","hentry"],"_links":{"self":[{"href":"https:\/\/tartucricket.com\/et\/wp-json\/wp\/v2\/pages\/1483","targetHints":{"allow":["GET"]}}],"collection":[{"href":"https:\/\/tartucricket.com\/et\/wp-json\/wp\/v2\/pages"}],"about":[{"href":"https:\/\/tartucricket.com\/et\/wp-json\/wp\/v2\/types\/page"}],"author":[{"embeddable":true,"href":"https:\/\/tartucricket.com\/et\/wp-json\/wp\/v2\/users\/1"}],"replies":[{"embeddable":true,"href":"https:\/\/tartucricket.com\/et\/wp-json\/wp\/v2\/comments?post=1483"}],"version-history":[{"count":5,"href":"https:\/\/tartucricket.com\/et\/wp-json\/wp\/v2\/pages\/1483\/revisions"}],"predecessor-version":[{"id":1742,"href":"https:\/\/tartucricket.com\/et\/wp-json\/wp\/v2\/pages\/1483\/revisions\/1742"}],"wp:attachment":[{"href":"https:\/\/tartucricket.com\/et\/wp-json\/wp\/v2\/media?parent=1483"}],"curies":[{"name":"wp","href":"https:\/\/api.w.org\/{rel}","templated":true}]}}