{"id":1435,"date":"2024-06-06T04:55:21","date_gmt":"2024-06-06T04:55:21","guid":{"rendered":"https:\/\/tartucricket.com\/?page_id=1435"},"modified":"2024-06-07T05:56:12","modified_gmt":"2024-06-07T05:56:12","slug":"code-of-conduct","status":"publish","type":"page","link":"https:\/\/tartucricket.com\/et\/code-of-conduct\/","title":{"rendered":"K\u00c4ITUMISKOODEKS"},"content":{"rendered":"<div data-elementor-type=\"wp-page\" data-elementor-id=\"1435\" class=\"elementor elementor-1435\" data-elementor-post-type=\"page\">\n\t\t\t\t<div class=\"elementor-element elementor-element-8b7bee9 e-flex e-con-boxed e-con e-parent\" data-id=\"8b7bee9\" data-element_type=\"container\">\n\t\t\t\t\t<div class=\"e-con-inner\">\n\t\t<div class=\"elementor-element elementor-element-2ad3c47 e-con-full e-flex e-con e-child\" data-id=\"2ad3c47\" data-element_type=\"container\">\n\t\t\t\t<div class=\"elementor-element elementor-element-d738ff3 elementor-widget elementor-widget-heading\" data-id=\"d738ff3\" data-element_type=\"widget\" data-widget_type=\"heading.default\">\n\t\t\t\t<div class=\"elementor-widget-container\">\n\t\t\t\t\t<h2 class=\"elementor-heading-title elementor-size-default\">SISSEJUHATUS<\/h2>\t\t\t\t<\/div>\n\t\t\t\t<\/div>\n\t\t\t\t<div class=\"elementor-element elementor-element-83af0d0 elementor-widget elementor-widget-text-editor\" data-id=\"83af0d0\" data-element_type=\"widget\" data-widget_type=\"text-editor.default\">\n\t\t\t\t<div class=\"elementor-widget-container\">\n\t\t\t\t\t\t\t\t\tKriket on traditsiooniliselt olnud spordiala, mille eesm\u00e4rgiks on hoida ja edendada k\u00f5rgeimal tasemel k\u00e4itumist ja spordimehelikkust. Me k\u00f5ik oleme tuttavad \u00fctlusega \u201eSee ei ole kriket\u201c, mis viitab sellele, et m\u00f5ned k\u00e4itumisviisid on eetilises m\u00f5ttes vastuv\u00f5etamatud isegi siis, kui need on rangelt v\u00f5ttes reeglitega lubatud. Kriket on rohkem kui m\u00e4ng \u2013 see aitab arendada niiisiksustkui ka oskusi.\t\t\t\t\t\t\t\t<\/div>\n\t\t\t\t<\/div>\n\t\t\t\t<div class=\"elementor-element elementor-element-2ddde1b elementor-widget elementor-widget-text-editor\" data-id=\"2ddde1b\" data-element_type=\"widget\" data-widget_type=\"text-editor.default\">\n\t\t\t\t<div class=\"elementor-widget-container\">\n\t\t\t\t\t\t\t\t\tTartu Kriketi Klubis m\u00e4ngitakse kriketit naudinguks ja k\u00f5ikide m\u00e4ngu v\u00f5imaldatavate v\u00e4\u00e4rtuste omandamiseks, mitte niiv\u00f5rd v\u00f5itmiseks v\u00f5itmise p\u00e4rast v\u00f5i muul moel enese upitamiseks.\t\t\t\t\t\t\t\t<\/div>\n\t\t\t\t<\/div>\n\t\t\t\t<div class=\"elementor-element elementor-element-f1f11ca elementor-widget elementor-widget-text-editor\" data-id=\"f1f11ca\" data-element_type=\"widget\" data-widget_type=\"text-editor.default\">\n\t\t\t\t<div class=\"elementor-widget-container\">\n\t\t\t\t\t\t\t\t\tK\u00e4esolevad suunised aitavad m\u00e4ngijatel m\u00f5ista ootusi, mis klubil igale m\u00e4ngijale on. Need juhised on olulised nii siis, kui m\u00e4ngijad esindavad klubi mat\u0161idel, kui ka treeningute ajal. Lisaks kirjeldavad need k\u00e4itumist, mida igalt meie klubi m\u00e4ngijalt oodatakse.\n\t\t\t\t\t\t\t\t<\/div>\n\t\t\t\t<\/div>\n\t\t\t\t<\/div>\n\t\t<div class=\"elementor-element elementor-element-7d6103c e-con-full e-flex e-con e-child\" data-id=\"7d6103c\" data-element_type=\"container\">\n\t\t\t\t<div class=\"elementor-element elementor-element-6abbcb5 elementor-widget elementor-widget-heading\" data-id=\"6abbcb5\" data-element_type=\"widget\" data-widget_type=\"heading.default\">\n\t\t\t\t<div class=\"elementor-widget-container\">\n\t\t\t\t\t<h2 class=\"elementor-heading-title elementor-size-default\">EESM\u00c4RK<\/h2>\t\t\t\t<\/div>\n\t\t\t\t<\/div>\n\t\t\t\t<div class=\"elementor-element elementor-element-451feaa elementor-widget elementor-widget-text-editor\" data-id=\"451feaa\" data-element_type=\"widget\" data-widget_type=\"text-editor.default\">\n\t\t\t\t<div class=\"elementor-widget-container\">\n\t\t\t\t\t\t\t\t\tMeie eesm\u00e4rk on tagada, et Tartu Kriketi Klubi esindades m\u00e4ngiksid k\u00f5ik m\u00e4ngijad kriketit selle t\u00f5elises vaimus ja vastavalt m\u00e4ngu traditsioonidele, v\u00f5imaldamaks m\u00e4ngu nautida k\u00f5igil, sealhulgas meeskonnakaaslastel, vastasm\u00e4ngijatel ja kohtunikel.\t\t\t\t\t\t\t\t<\/div>\n\t\t\t\t<\/div>\n\t\t\t\t<\/div>\n\t\t<div class=\"elementor-element elementor-element-243d819 e-con-full e-flex e-con e-child\" data-id=\"243d819\" data-element_type=\"container\">\n\t\t\t\t<div class=\"elementor-element elementor-element-b5768d1 elementor-widget elementor-widget-heading\" data-id=\"b5768d1\" data-element_type=\"widget\" data-widget_type=\"heading.default\">\n\t\t\t\t<div class=\"elementor-widget-container\">\n\t\t\t\t\t<h2 class=\"elementor-heading-title elementor-size-default\">K\u00e4itumiskoodeks<\/h2>\t\t\t\t<\/div>\n\t\t\t\t<\/div>\n\t\t\t\t<div class=\"elementor-element elementor-element-d2e8ae8 elementor-widget elementor-widget-text-editor\" data-id=\"d2e8ae8\" data-element_type=\"widget\" data-widget_type=\"text-editor.default\">\n\t\t\t\t<div class=\"elementor-widget-container\">\n\t\t\t\t\t\t\t\t\t<p>K\u00e4itumiskoodeksi peamiseks aluseks on preambul \u201eThe Spirit of Cricket\u201c (\u201eKriketi vaim\u201c), mis on suunisteks lubatud ja lubamatu k\u00e4itumise osas ja millele viidatakse kui minimaalsele k\u00e4itumisstandardile.<\/p><p>a) Mitte \u00fckski isik, kelle suhtes k\u00e4esolev k\u00e4itumiskoodeks kehtib, ei tohi k\u00e4ituda h\u00e4irivalt v\u00f5i ebasobivalt.<br \/>b) H\u00e4irivalt v\u00f5i ebasobivalt k\u00e4ituv isik rikub k\u00e4esolevat k\u00e4itumiskoodeksit.<br \/>c) H\u00e4irivaks v\u00f5i ebasobivaks k\u00e4itumiseks loetakse muuhulgas j\u00e4rgmist:<\/p>\t\t\t\t\t\t\t\t<\/div>\n\t\t\t\t<\/div>\n\t\t\t\t<div class=\"elementor-element elementor-element-ee6dc3c elementor-widget elementor-widget-text-editor\" data-id=\"ee6dc3c\" data-element_type=\"widget\" data-widget_type=\"text-editor.default\">\n\t\t\t\t<div class=\"elementor-widget-container\">\n\t\t\t\t\t\t\t\t\ti. Kohtuniku, vastasm\u00e4ngija v\u00f5i meeskonnaliikme r\u00fcndamine, r\u00fcnnata \u00fcritamine v\u00f5i v\u00e4\u00e4rkohtlemine verbaalselt v\u00f5i f\u00fc\u00fcsiliselt;\t\t\t\t\t\t\t\t<\/div>\n\t\t\t\t<\/div>\n\t\t\t\t<div class=\"elementor-element elementor-element-da8382f elementor-widget elementor-widget-text-editor\" data-id=\"da8382f\" data-element_type=\"widget\" data-widget_type=\"text-editor.default\">\n\t\t\t\t<div class=\"elementor-widget-container\">\n\t\t\t\t\t\t\t\t\t<p>ii. Kohtuniku otsuse vaidlustamine (erinevalt selle kohta k\u00fcsimuste esitamisest) v\u00f5i ilmselgelt provokatiivne reageerimine kohtuniku suhtes;<br \/>J\u00f5hker v\u00f5i solvav keelekasutus, k\u00e4em\u00e4rgid v\u00f5i muud \u017eestid;<\/p>\t\t\t\t\t\t\t\t<\/div>\n\t\t\t\t<\/div>\n\t\t\t\t<div class=\"elementor-element elementor-element-c3f5c0c elementor-widget elementor-widget-text-editor\" data-id=\"c3f5c0c\" data-element_type=\"widget\" data-widget_type=\"text-editor.default\">\n\t\t\t\t<div class=\"elementor-widget-container\">\n\t\t\t\t\t\t\t\t\tiii. Mis tahes k\u00e4itumine, mis v\u00f5ib kahjustada m\u00e4ngu vaimu v\u00f5i m\u00e4ngu mainet;\t\t\t\t\t\t\t\t<\/div>\n\t\t\t\t<\/div>\n\t\t\t\t<div class=\"elementor-element elementor-element-9ef2190 elementor-widget elementor-widget-text-editor\" data-id=\"9ef2190\" data-element_type=\"widget\" data-widget_type=\"text-editor.default\">\n\t\t\t\t<div class=\"elementor-widget-container\">\n\t\t\t\t\t\t\t\t\tiv. Kriketivarustuse tahtlik kahjustamine, n\u00e4iteks kriketikurika viskamine, kriketipalli jalaga l\u00f6\u00f6mine jne;\t\t\t\t\t\t\t\t<\/div>\n\t\t\t\t<\/div>\n\t\t\t\t<div class=\"elementor-element elementor-element-7e8dbdd elementor-widget elementor-widget-text-editor\" data-id=\"7e8dbdd\" data-element_type=\"widget\" data-widget_type=\"text-editor.default\">\n\t\t\t\t<div class=\"elementor-widget-container\">\n\t\t\t\t\t\t\t\t\tv. Mis tahes vormis religioosne v\u00f5i rassiline halvustamine.\t\t\t\t\t\t\t\t<\/div>\n\t\t\t\t<\/div>\n\t\t\t\t<\/div>\n\t\t<div class=\"elementor-element elementor-element-64b9506 e-con-full e-flex e-con e-child\" data-id=\"64b9506\" data-element_type=\"container\">\n\t\t\t\t<div class=\"elementor-element elementor-element-ca29c68 elementor-widget elementor-widget-heading\" data-id=\"ca29c68\" data-element_type=\"widget\" data-widget_type=\"heading.default\">\n\t\t\t\t<div class=\"elementor-widget-container\">\n\t\t\t\t\t<h2 class=\"elementor-heading-title elementor-size-default\">M\u00c4NGIJATELT OODATAV K\u00c4ITUMINE<\/h2>\t\t\t\t<\/div>\n\t\t\t\t<\/div>\n\t\t\t\t<div class=\"elementor-element elementor-element-1673377 elementor-widget elementor-widget-text-editor\" data-id=\"1673377\" data-element_type=\"widget\" data-widget_type=\"text-editor.default\">\n\t\t\t\t<div class=\"elementor-widget-container\">\n\t\t\t\t\t\t\t\t\tIga m\u00e4ngija \u00fclesanne on anda endast parim meie klubi hea maine hoidmiseks nii EKLis kui ka Tartus \u00fcldisemalt. Sellest tulenevalt ei j\u00f5usta Tartu Kriketi Klubi juhatus mitte ainult k\u00e4itumiskoodeksi reegleid, aga ka oma k\u00e4itumisp\u00f5him\u00f5tteid, mille j\u00e4rgimist m\u00e4ngijatelt oodatakse. Nende suuniste rikkumise eest v\u00f5ivad m\u00e4ngijaid oodata karistused alates ametlikust hoiatusest kuni m\u00e4ngukeeluni, olenevalt rikkumise raskusest ja iseloomust.\t\t\t\t\t\t\t\t<\/div>\n\t\t\t\t<\/div>\n\t\t\t\t<div class=\"elementor-element elementor-element-1b9025f elementor-widget elementor-widget-text-editor\" data-id=\"1b9025f\" data-element_type=\"widget\" data-widget_type=\"text-editor.default\">\n\t\t\t\t<div class=\"elementor-widget-container\">\n\t\t\t\t\t\t\t\t\tK\u00f5igi karistuste (ametlikud hoiatused ja m\u00e4ngukeelud) osas teeb otsuse juhatus ja l\u00f5pliku otsuse kuulutab v\u00e4lja juhatuse esimees.\t\t\t\t\t\t\t\t<\/div>\n\t\t\t\t<\/div>\n\t\t\t\t<div class=\"elementor-element elementor-element-16a4739 elementor-widget elementor-widget-text-editor\" data-id=\"16a4739\" data-element_type=\"widget\" data-widget_type=\"text-editor.default\">\n\t\t\t\t<div class=\"elementor-widget-container\">\n\t\t\t\t\t\t\t\t\tAllj\u00e4rgnevad suunised kohalduvad k\u00f5igile Tartu Kriketi Klubi m\u00e4ngivatele ja mittem\u00e4ngivatele liikmetele.\t\t\t\t\t\t\t\t<\/div>\n\t\t\t\t<\/div>\n\t\t\t\t<div class=\"elementor-element elementor-element-3477825 elementor-widget elementor-widget-text-editor\" data-id=\"3477825\" data-element_type=\"widget\" data-widget_type=\"text-editor.default\">\n\t\t\t\t<div class=\"elementor-widget-container\">\n\t\t\t\t\t\t\t\t\t<p><strong>1. M\u00e4ngimine t\u00f5siselt, kuid \u00f5iglaselt<\/strong><\/p><p>\u00a0<\/p><p>K\u00f5igilt m\u00e4ngijatelt oodatakse, et nad annaksid alati v\u00e4ljakul endast parima, muutmaks m\u00e4ngu nauditavaks nii neile endile, nende meeskonnakaaslastele kui ka vastasmeeskonnale. Meie eesm\u00e4rk on v\u00f5ita \u00f5iglaselt ja see on meie m\u00e4ngu, meie oskuste ning iseloomu t\u00e4iustamise edukuse m\u00f5\u00f5dupuuks. Meie eesm\u00e4rk ei ole v\u00f5ita vastasmeeskonna v\u00f5i kohtunike m\u00e4ngunaudingu hinnaga.<\/p>\t\t\t\t\t\t\t\t<\/div>\n\t\t\t\t<\/div>\n\t\t\t\t<div class=\"elementor-element elementor-element-6896877 elementor-widget elementor-widget-text-editor\" data-id=\"6896877\" data-element_type=\"widget\" data-widget_type=\"text-editor.default\">\n\t\t\t\t<div class=\"elementor-widget-container\">\n\t\t\t\t\t\t\t\t\t<p><strong>2. Lugupidamine<\/strong><\/p><p>\u00a0<\/p><p>M\u00e4ngijad peavad olema igal ajahetkel lugupidavad oma meeskonnakaaslaste, kapteni, kohtunike ja vastasmeeskonna suhtes. Vastasmeeskonda lugupidavalt suhtudes annad oma v\u00f5idule v\u00e4\u00e4rtust juurde ja endasse lugupidavalt suhtudes leevendad oma kaotust. K\u00f5igil m\u00e4ngijatel on kohustus kaitsta m\u00e4ngu ebasobivate intsidentide eest ja juhatus l\u00e4htub eeldusest, et vaidluse tekkimiseks on provokatsioonist olenemata vaja kahte osapoolt.<\/p>\t\t\t\t\t\t\t\t<\/div>\n\t\t\t\t<\/div>\n\t\t\t\t<div class=\"elementor-element elementor-element-ee4100d elementor-widget elementor-widget-text-editor\" data-id=\"ee4100d\" data-element_type=\"widget\" data-widget_type=\"text-editor.default\">\n\t\t\t\t<div class=\"elementor-widget-container\">\n\t\t\t\t\t\t\t\t\t<p><strong>3. Kohtuniku Otsused<\/strong><\/p><p>\u00a0<\/p><p>Kohtuniku otsused on l\u00f5plikud ja neid tuleb kohe aktsepteerida nii l\u00fc\u00fces kui ka v\u00e4ljakul m\u00e4ngides. M\u00e4ngijal on \u00f5igus viisakalt k\u00fcsida, miks kohtunik apellatsioonist keeldus, kuid ta peaks selgituse saamisel seda aktsepteerima ning samuti aktsepteerima kohtuniku \u00f5igust p\u00f5hjendamisest keelduda ja kohe edasi m\u00e4ngima. Solvav keelekasutus \u2013 \u00fcldiselt kohtunikule suunatud halvustava v\u00f5i solvava m\u00e4rkuse kujul \u2013 ei ole vastuv\u00f5etav.<\/p>\t\t\t\t\t\t\t\t<\/div>\n\t\t\t\t<\/div>\n\t\t\t\t<div class=\"elementor-element elementor-element-e01649a elementor-widget elementor-widget-text-editor\" data-id=\"e01649a\" data-element_type=\"widget\" data-widget_type=\"text-editor.default\">\n\t\t\t\t<div class=\"elementor-widget-container\">\n\t\t\t\t\t\t\t\t\t<p><strong>4. Rassiline Halvustamine<\/strong><\/p><p>\u00a0<\/p><p>Klubi ei tolereeri mitte mingitel tingimustel rassilist halvustamist. Kui ametlikku kohtuniku raportit ei esitata, siis tegeleb m\u00e4ngijatega juhatus. Samamoodi, kui Tartu Kriketi Klubi liiget sellisel moel v\u00e4\u00e4rkoheldakse, p\u00f6\u00f6rdub klubi EKLi ja vastasmeeskonna klubi poole ning tagab, et k\u00fcsimusega tegeletaks sobival viisil.<\/p>\t\t\t\t\t\t\t\t<\/div>\n\t\t\t\t<\/div>\n\t\t\t\t<\/div>\n\t\t<div class=\"elementor-element elementor-element-6111ea1 e-con-full e-flex e-con e-child\" data-id=\"6111ea1\" data-element_type=\"container\">\n\t\t\t\t<div class=\"elementor-element elementor-element-4f665cd elementor-widget elementor-widget-heading\" data-id=\"4f665cd\" data-element_type=\"widget\" data-widget_type=\"heading.default\">\n\t\t\t\t<div class=\"elementor-widget-container\">\n\t\t\t\t\t<h2 class=\"elementor-heading-title elementor-size-default\">P\u00dcHENDUMINE<\/h2>\t\t\t\t<\/div>\n\t\t\t\t<\/div>\n\t\t\t\t<div class=\"elementor-element elementor-element-70da2cb elementor-widget elementor-widget-text-editor\" data-id=\"70da2cb\" data-element_type=\"widget\" data-widget_type=\"text-editor.default\">\n\t\t\t\t<div class=\"elementor-widget-container\">\n\t\t\t\t\t\t\t\t\tM\u00e4ngijad v\u00f5ivad eeldada, et klubi juhatus kohtleb neid v\u00f5rdv\u00e4\u00e4rselt nende poolt klubi suhtes \u00fcles n\u00e4idatud p\u00fchendumisele. Allj\u00e4rgnevalt on toodud klubi minimaalsed ootused igale m\u00e4ngijale.\t\t\t\t\t\t\t\t<\/div>\n\t\t\t\t<\/div>\n\t\t\t\t<div class=\"elementor-element elementor-element-af54086 elementor-widget elementor-widget-text-editor\" data-id=\"af54086\" data-element_type=\"widget\" data-widget_type=\"text-editor.default\">\n\t\t\t\t<div class=\"elementor-widget-container\">\n\t\t\t\t\t\t\t\t\tM\u00e4ngija k\u00e4ttesaadavus: k\u00f5igilt m\u00e4ngijatelt oodatakse, et nad kinnitaksid oma osalemisv\u00f5imaluse k\u00f5igiks liigam\u00e4ngudeks Facebooki s\u00fcndmusekutse kaudu. Kui m\u00e4ngija ei kinnita Facebooki s\u00fcndmusekutse saamisel oma v\u00f5imalust m\u00e4ngul osaleda hiljemalt neljap\u00e4eva \u00f5htuks, eeldatakse, et m\u00e4ngija ei ole saadaval ja laup\u00e4eval toimuval m\u00e4ngul osalevameeskonna liikmed kuulutatakse v\u00e4lja neljap\u00e4eva \u00f5htul. Me reisime palju rohkem kui teised klubid ja seet\u00f5ttu on \u00e4\u00e4rmiselt oluline teada, kes saavad m\u00e4ngul m\u00e4ngida. Meeskonna v\u00e4ljakuulutamine neljap\u00e4eva \u00f5htul annab ka neile, keda tulevaks liigam\u00e4nguks ei valita, piisavalt aega teha n\u00e4dalavahetuseks muid plaane.\t\t\t\t\t\t\t\t<\/div>\n\t\t\t\t<\/div>\n\t\t\t\t<div class=\"elementor-element elementor-element-6288869 elementor-widget elementor-widget-text-editor\" data-id=\"6288869\" data-element_type=\"widget\" data-widget_type=\"text-editor.default\">\n\t\t\t\t<div class=\"elementor-widget-container\">\n\t\t\t\t\t\t\t\t\tTreeningud: treening ei ole kohustuslik, kuna k\u00f5igil m\u00e4ngijatel on hooaja jooksul erinevatel aegadel kohustusi, n\u00e4iteks seoses t\u00f6\u00f6, \u00f5pingute ja muuga. Kuid treeningul osalemise korral oodatakse, et m\u00e4ngijad tuleksid treeningule \u00f5igeaegselt ja abistaksid kriketivarustuse \u00fclesseadmise ja kokku pakkimisega.\n\t\t\t\t\t\t\t\t<\/div>\n\t\t\t\t<\/div>\n\t\t\t\t<div class=\"elementor-element elementor-element-5895146 elementor-widget elementor-widget-text-editor\" data-id=\"5895146\" data-element_type=\"widget\" data-widget_type=\"text-editor.default\">\n\t\t\t\t<div class=\"elementor-widget-container\">\n\t\t\t\t\t\t\t\t\t<p><strong>Meeskonna vorm:\u00a0<\/strong> <em>K\u00f5ik m\u00e4ngijad peavad k\u00f5igil m\u00e4ngudel kandma Tartu Kriketi Klubi s\u00e4rki ja musti spordip\u00fckse. Klubi s\u00e4rki ei pea kandma treeningutel.<\/em><\/p>\t\t\t\t\t\t\t\t<\/div>\n\t\t\t\t<\/div>\n\t\t\t\t<\/div>\n\t\t<div class=\"elementor-element elementor-element-dfe49dd e-con-full e-flex e-con e-child\" data-id=\"dfe49dd\" data-element_type=\"container\">\n\t\t\t\t<div class=\"elementor-element elementor-element-92b9544 elementor-widget elementor-widget-heading\" data-id=\"92b9544\" data-element_type=\"widget\" data-widget_type=\"heading.default\">\n\t\t\t\t<div class=\"elementor-widget-container\">\n\t\t\t\t\t<h2 class=\"elementor-heading-title elementor-size-default\">MISSIOON<\/h2>\t\t\t\t<\/div>\n\t\t\t\t<\/div>\n\t\t\t\t<div class=\"elementor-element elementor-element-9ba701a elementor-widget elementor-widget-text-editor\" data-id=\"9ba701a\" data-element_type=\"widget\" data-widget_type=\"text-editor.default\">\n\t\t\t\t<div class=\"elementor-widget-container\">\n\t\t\t\t\t\t\t\t\t<p><strong>Meie missiooniks on olla k\u00f5ige edukam ja austatum kriketiklubi Tartu piirkonnas ja:<\/strong><\/p>\t\t\t\t\t\t\t\t<\/div>\n\t\t\t\t<\/div>\n\t\t\t\t<div class=\"elementor-element elementor-element-081ad97 elementor-widget elementor-widget-text-editor\" data-id=\"081ad97\" data-element_type=\"widget\" data-widget_type=\"text-editor.default\">\n\t\t\t\t<div class=\"elementor-widget-container\">\n\t\t\t\t\t\t\t\t\t<p>\u00a0 \u2013 m\u00e4ngida m\u00e4ngu v\u00f5istluslikul, kuid siiski spordimehelikul viisil;<br \/>\u00a0 \u2013 j\u00e4rgida k\u00f5iki kriketiga seotud reegleid;<br \/>\u00a0 \u2013 pakkuda igale klubiliikmele v\u00f5imalustoma oskuste arendamiseks;<br \/>\u00a0 \u2013 tagada, et organisatsiooni juhtimine toimiks efektiivselt ja t\u00f5husalt.<\/p>\t\t\t\t\t\t\t\t<\/div>\n\t\t\t\t<\/div>\n\t\t\t\t<div class=\"elementor-element elementor-element-3b6b63e elementor-widget elementor-widget-text-editor\" data-id=\"3b6b63e\" data-element_type=\"widget\" data-widget_type=\"text-editor.default\">\n\t\t\t\t<div class=\"elementor-widget-container\">\n\t\t\t\t\t\t\t\t\t<p><em>\u201e\u00d5nn on m\u00e4ngu austada ja pidada meeles, et ei v\u00f5it ega ka kaotus pole igavesed.\u201c<\/em><\/p>\t\t\t\t\t\t\t\t<\/div>\n\t\t\t\t<\/div>\n\t\t\t\t<\/div>\n\t\t\t\t\t<\/div>\n\t\t\t\t<\/div>\n\t\t\t\t<\/div>","protected":false},"excerpt":{"rendered":"<p>INTRODUCTION Cricket has traditionally been a sport to maintain and promote the highest levels of conduct and sportsmanship. We are all familiar with the saying \u201cIt isn\u2019t cricket\u201d which implies that a certain type of behaviour is unacceptable in an ethical sense, even if it might be strictly within a set of rules. Cricket is [&hellip;]<\/p>","protected":false},"author":1,"featured_media":0,"parent":0,"menu_order":0,"comment_status":"closed","ping_status":"closed","template":"","meta":{"nf_dc_page":"","footnotes":""},"class_list":["post-1435","page","type-page","status-publish","hentry"],"_links":{"self":[{"href":"https:\/\/tartucricket.com\/et\/wp-json\/wp\/v2\/pages\/1435","targetHints":{"allow":["GET"]}}],"collection":[{"href":"https:\/\/tartucricket.com\/et\/wp-json\/wp\/v2\/pages"}],"about":[{"href":"https:\/\/tartucricket.com\/et\/wp-json\/wp\/v2\/types\/page"}],"author":[{"embeddable":true,"href":"https:\/\/tartucricket.com\/et\/wp-json\/wp\/v2\/users\/1"}],"replies":[{"embeddable":true,"href":"https:\/\/tartucricket.com\/et\/wp-json\/wp\/v2\/comments?post=1435"}],"version-history":[{"count":5,"href":"https:\/\/tartucricket.com\/et\/wp-json\/wp\/v2\/pages\/1435\/revisions"}],"predecessor-version":[{"id":1525,"href":"https:\/\/tartucricket.com\/et\/wp-json\/wp\/v2\/pages\/1435\/revisions\/1525"}],"wp:attachment":[{"href":"https:\/\/tartucricket.com\/et\/wp-json\/wp\/v2\/media?parent=1435"}],"curies":[{"name":"wp","href":"https:\/\/api.w.org\/{rel}","templated":true}]}}