{"id":1048,"date":"2024-05-31T07:24:18","date_gmt":"2024-05-31T07:24:18","guid":{"rendered":"https:\/\/tartucricket.com\/?page_id=1048"},"modified":"2025-11-19T13:31:31","modified_gmt":"2025-11-19T13:31:31","slug":"criiio","status":"publish","type":"page","link":"https:\/\/tartucricket.com\/et\/criiio\/","title":{"rendered":"CRIIIO"},"content":{"rendered":"<div data-elementor-type=\"wp-page\" data-elementor-id=\"1048\" class=\"elementor elementor-1048\" data-elementor-post-type=\"page\">\n\t\t\t\t<div class=\"elementor-element elementor-element-a48cce3 e-flex e-con-boxed e-con e-parent\" data-id=\"a48cce3\" data-element_type=\"container\">\n\t\t\t\t\t<div class=\"e-con-inner\">\n\t\t\t\t<div class=\"elementor-element elementor-element-b43cf9a elementor-widget elementor-widget-text-editor\" data-id=\"b43cf9a\" data-element_type=\"widget\" data-widget_type=\"text-editor.default\">\n\t\t\t\t<div class=\"elementor-widget-container\">\n\t\t\t\t\t\t\t\t\t<strong>Criiio kriketiprogrammi l\u00e4biviija koolitus<\/strong>\t\t\t\t\t\t\t\t<\/div>\n\t\t\t\t<\/div>\n\t\t\t\t<div class=\"elementor-element elementor-element-ca321fb elementor-widget elementor-widget-text-editor\" data-id=\"ca321fb\" data-element_type=\"widget\" data-widget_type=\"text-editor.default\">\n\t\t\t\t<div class=\"elementor-widget-container\">\n\t\t\t\t\t\t\t\t\t<p>Kui soovid saada Criiio kriketiprogrammi l\u00e4biviijaks, v\u00f5ta palun meiega lisateabe saamiseks e-posti teel \u00fchendust: <a href=\"mailto:info@tartucricket.com\">info@tartucricket.com<\/a><\/p>\t\t\t\t\t\t\t\t<\/div>\n\t\t\t\t<\/div>\n\t\t\t\t<div class=\"elementor-element elementor-element-cb163d6 elementor-widget elementor-widget-text-editor\" data-id=\"cb163d6\" data-element_type=\"widget\" data-widget_type=\"text-editor.default\">\n\t\t\t\t<div class=\"elementor-widget-container\">\n\t\t\t\t\t\t\t\t\t<strong>Tartu Kriketi Klubi \u2013 Criiio kriketiprogrammi l\u00e4biviija<\/strong>\t\t\t\t\t\t\t\t<\/div>\n\t\t\t\t<\/div>\n\t\t\t\t<div class=\"elementor-element elementor-element-dce13da elementor-icon-list--layout-traditional elementor-list-item-link-full_width elementor-widget elementor-widget-icon-list\" data-id=\"dce13da\" data-element_type=\"widget\" data-widget_type=\"icon-list.default\">\n\t\t\t\t<div class=\"elementor-widget-container\">\n\t\t\t\t\t\t\t<ul class=\"elementor-icon-list-items\">\n\t\t\t\t\t\t\t<li class=\"elementor-icon-list-item\">\n\t\t\t\t\t\t\t\t\t\t\t<span class=\"elementor-icon-list-icon\">\n\t\t\t\t\t\t\t<svg aria-hidden=\"true\" class=\"e-font-icon-svg e-far-dot-circle\" viewbox=\"0 0 512 512\" xmlns=\"http:\/\/www.w3.org\/2000\/svg\"><path d=\"M256 56c110.532 0 200 89.451 200 200 0 110.532-89.451 200-200 200-110.532 0-200-89.451-200-200 0-110.532 89.451-200 200-200m0-48C119.033 8 8 119.033 8 256s111.033 248 248 248 248-111.033 248-248S392.967 8 256 8zm0 168c-44.183 0-80 35.817-80 80s35.817 80 80 80 80-35.817 80-80-35.817-80-80-80z\"><\/path><\/svg>\t\t\t\t\t\t<\/span>\n\t\t\t\t\t\t\t\t\t\t<span class=\"elementor-icon-list-text\">Casey Collins<\/span>\n\t\t\t\t\t\t\t\t\t<\/li>\n\t\t\t\t\t\t<\/ul>\n\t\t\t\t\t\t<\/div>\n\t\t\t\t<\/div>\n\t\t\t\t\t<\/div>\n\t\t\t\t<\/div>\n\t\t\t\t<\/div>","protected":false},"excerpt":{"rendered":"<p>Criiio Cricket Programme Facilitor Training If you are interested in becoming a Criiio Cricket Program Facilitator, please contact us via email for more information: info@tartucricket.com Tartu Cricket Club &#8211; Criiio Cricket Programme Facilitator Casey Collins<\/p>","protected":false},"author":1,"featured_media":0,"parent":0,"menu_order":0,"comment_status":"closed","ping_status":"closed","template":"","meta":{"nf_dc_page":"","footnotes":""},"class_list":["post-1048","page","type-page","status-publish","hentry"],"_links":{"self":[{"href":"https:\/\/tartucricket.com\/et\/wp-json\/wp\/v2\/pages\/1048","targetHints":{"allow":["GET"]}}],"collection":[{"href":"https:\/\/tartucricket.com\/et\/wp-json\/wp\/v2\/pages"}],"about":[{"href":"https:\/\/tartucricket.com\/et\/wp-json\/wp\/v2\/types\/page"}],"author":[{"embeddable":true,"href":"https:\/\/tartucricket.com\/et\/wp-json\/wp\/v2\/users\/1"}],"replies":[{"embeddable":true,"href":"https:\/\/tartucricket.com\/et\/wp-json\/wp\/v2\/comments?post=1048"}],"version-history":[{"count":17,"href":"https:\/\/tartucricket.com\/et\/wp-json\/wp\/v2\/pages\/1048\/revisions"}],"predecessor-version":[{"id":2021,"href":"https:\/\/tartucricket.com\/et\/wp-json\/wp\/v2\/pages\/1048\/revisions\/2021"}],"wp:attachment":[{"href":"https:\/\/tartucricket.com\/et\/wp-json\/wp\/v2\/media?parent=1048"}],"curies":[{"name":"wp","href":"https:\/\/api.w.org\/{rel}","templated":true}]}}